{"id":11,"date":"2021-10-29T17:04:07","date_gmt":"2021-10-29T15:04:07","guid":{"rendered":"https:\/\/kasbut.com.pl\/?page_id=11"},"modified":"2021-10-29T17:47:38","modified_gmt":"2021-10-29T15:47:38","slug":"kasbut","status":"publish","type":"page","link":"https:\/\/kasbut.com.pl\/","title":{"rendered":"KASBUT"},"content":{"rendered":"\t\t<div data-elementor-type=\"wp-page\" data-elementor-id=\"11\" class=\"elementor elementor-11\" data-elementor-settings=\"[]\">\n\t\t\t\t\t\t\t<div class=\"elementor-section-wrap\">\n\t\t\t\t\t\t\t<section class=\"elementor-section elementor-top-section elementor-element elementor-element-521f8cc elementor-section-boxed elementor-section-height-default elementor-section-height-default\" data-id=\"521f8cc\" data-element_type=\"section\">\n\t\t\t\t\t\t<div class=\"elementor-container elementor-column-gap-default\">\n\t\t\t\t\t<div class=\"elementor-column elementor-col-100 elementor-top-column elementor-element elementor-element-e7b293c\" data-id=\"e7b293c\" data-element_type=\"column\">\n\t\t\t<div class=\"elementor-widget-wrap elementor-element-populated\">\n\t\t\t\t\t\t\t\t<div class=\"elementor-element elementor-element-107c03e elementor-widget elementor-widget-spacer\" data-id=\"107c03e\" data-element_type=\"widget\" data-widget_type=\"spacer.default\">\n\t\t\t\t<div class=\"elementor-widget-container\">\n\t\t\t\t\t<div class=\"elementor-spacer\">\n\t\t\t<div class=\"elementor-spacer-inner\"><\/div>\n\t\t<\/div>\n\t\t\t\t<\/div>\n\t\t\t\t<\/div>\n\t\t\t\t\t<\/div>\n\t\t<\/div>\n\t\t\t\t\t\t\t<\/div>\n\t\t<\/section>\n\t\t\t\t<section class=\"elementor-section elementor-top-section elementor-element elementor-element-86dcc26 elementor-section-boxed elementor-section-height-default elementor-section-height-default\" data-id=\"86dcc26\" data-element_type=\"section\">\n\t\t\t\t\t\t<div class=\"elementor-container elementor-column-gap-default\">\n\t\t\t\t\t<div class=\"elementor-column elementor-col-100 elementor-top-column elementor-element elementor-element-f6f5012\" data-id=\"f6f5012\" data-element_type=\"column\">\n\t\t\t<div class=\"elementor-widget-wrap elementor-element-populated\">\n\t\t\t\t\t\t\t\t<div class=\"elementor-element elementor-element-c8e1e16 elementor-widget elementor-widget-text-editor\" data-id=\"c8e1e16\" data-element_type=\"widget\" data-widget_type=\"text-editor.default\">\n\t\t\t\t<div class=\"elementor-widget-container\">\n\t\t\t\t\t\t\t<p>Firma &#8222;<strong>KASBUT<\/strong>&#8221; jest producentem obuwia damskiego i m\u0142odzie\u017cowego. Nasze niebywale oryginalne wzornictwo i najwy\u017cszej jako\u015bci materia\u0142y s\u0105 doceniane przez setki kontrahent\u00f3w. Wsp\u00f3\u0142pracujemy z wieloma sklepami w Polsce, jak i za granic\u0105. Ka\u017cdego dnia pozyskujemy nowych kontrahent\u00f3w. Ca\u0142y czas staramy si\u0119 by\u0107 o jeden krok przed konkurencj\u0105. Wyznacza\u0107 nowe trendy i standardy. Nie uda\u0142oby si\u0119 to zapewne bez naszej \u015bcis\u0142ej wsp\u00f3\u0142pracy z najbardziej renomowanymi dostawcami surowc\u00f3w z Polski, W\u0142och. Nasi projektanci dbaj\u0105 o to, aby ka\u017cdego tygodnia kilka nowych wzor\u00f3w pojawi\u0142o sie w naszej ofercie. Dlatego te\u017c nigdy nie zamykamy kolekcji i bardzo szybko reagujemy na zmiany i potrzeby rynku.<\/p><p><br \/>Firma &#8222;KASBUT&#8221; powsta\u0142a w 1989 roku. W pocz\u0105tkowym okresie dzia\u0142alno\u015bci, tak jak wiele podobnych firm, zatrudnia\u0142a kilku pracownik\u00f3w. Jednak nasza rzetelno\u015b\u0107 i solidno\u015b\u0107 zosta\u0142y szybko dostrze\u017cone i docenione przez klient\u00f3w. \u015amia\u0142e i oryginalne wzornictwo, indywidualne podej\u015bcie do ka\u017cdego klienta- tymi atutami zdobyli\u015bmy nasz\u0105 pozycj\u0119 na rynku.<\/p><p><br \/>Serdecznie zapraszamy do zapoznania si\u0119 z nasz\u0105 ofert\u0105 i do wsp\u00f3\u0142pracy!<\/p>\t\t\t\t\t\t<\/div>\n\t\t\t\t<\/div>\n\t\t\t\t\t<\/div>\n\t\t<\/div>\n\t\t\t\t\t\t\t<\/div>\n\t\t<\/section>\n\t\t\t\t<section class=\"elementor-section elementor-top-section elementor-element elementor-element-744bb47 elementor-section-boxed elementor-section-height-default elementor-section-height-default\" data-id=\"744bb47\" data-element_type=\"section\">\n\t\t\t\t\t\t<div class=\"elementor-container elementor-column-gap-default\">\n\t\t\t\t\t<div class=\"elementor-column elementor-col-100 elementor-top-column elementor-element elementor-element-8b18fdf\" data-id=\"8b18fdf\" data-element_type=\"column\">\n\t\t\t<div class=\"elementor-widget-wrap elementor-element-populated\">\n\t\t\t\t\t\t\t\t<section class=\"elementor-section elementor-inner-section elementor-element elementor-element-fe8f5e0 elementor-section-boxed elementor-section-height-default elementor-section-height-default\" data-id=\"fe8f5e0\" data-element_type=\"section\">\n\t\t\t\t\t\t<div class=\"elementor-container elementor-column-gap-default\">\n\t\t\t\t\t<div class=\"elementor-column elementor-col-50 elementor-inner-column elementor-element elementor-element-53d8f04\" data-id=\"53d8f04\" data-element_type=\"column\">\n\t\t\t<div class=\"elementor-widget-wrap elementor-element-populated\">\n\t\t\t\t\t\t\t\t<div class=\"elementor-element elementor-element-69b2ab8 elementor-widget elementor-widget-heading\" data-id=\"69b2ab8\" data-element_type=\"widget\" data-widget_type=\"heading.default\">\n\t\t\t\t<div class=\"elementor-widget-container\">\n\t\t\t<h2 class=\"elementor-heading-title elementor-size-default\">Robert Staszczyk Zak\u0142ad Produkcyjno-Handlowy \"KASBUT\" Eksport-Import<\/h2>\t\t<\/div>\n\t\t\t\t<\/div>\n\t\t\t\t<div class=\"elementor-element elementor-element-f0ac69a elementor-widget elementor-widget-text-editor\" data-id=\"f0ac69a\" data-element_type=\"widget\" data-widget_type=\"text-editor.default\">\n\t\t\t\t<div class=\"elementor-widget-container\">\n\t\t\t\t\t\t\t<p>Siedziba:<br \/>42-242 R\u0119dziny<br \/>ul. Weso\u0142a 21<\/p><p>Telefon: <a href=\"tel:600378171\">+48 600 378 171<\/a><\/p><p>Wsp\u00f3\u0142praca:<br \/>Robert Staszczyk<br \/>tel. <a href=\"tel:343201572\">+48 34 320 15 72<\/a><\/p><p>Zam\u00f3wienia online:<br \/><a href=\"tel:600378171\">+48 600 378 171<\/a><\/p>\t\t\t\t\t\t<\/div>\n\t\t\t\t<\/div>\n\t\t\t\t\t<\/div>\n\t\t<\/div>\n\t\t\t\t<div class=\"elementor-column elementor-col-50 elementor-inner-column elementor-element elementor-element-709a5bb\" data-id=\"709a5bb\" data-element_type=\"column\">\n\t\t\t<div class=\"elementor-widget-wrap elementor-element-populated\">\n\t\t\t\t\t\t\t\t<div class=\"elementor-element elementor-element-3e77417 elementor-widget elementor-widget-html\" data-id=\"3e77417\" data-element_type=\"widget\" data-widget_type=\"html.default\">\n\t\t\t\t<div class=\"elementor-widget-container\">\n\t\t\t<iframe src=\"https:\/\/www.google.com\/maps\/embed?pb=!1m18!1m12!1m3!1d1491070.24774691!2d18.356326203835422!3d50.832211689552864!2m3!1f0!2f0!3f0!3m2!1i1024!2i768!4f13.1!3m3!1m2!1s0x4710b372f6a24a6d%3A0x90949515de225c44!2zV2Vzb8WCYSAyMSwgNDItMjQyIFLEmWR6aW55!5e0!3m2!1spl!2spl!4v1635521894432!5m2!1spl!2spl\" width=\"600\" height=\"450\" style=\"border:0;\" allowfullscreen=\"\" loading=\"lazy\"><\/iframe>\t\t<\/div>\n\t\t\t\t<\/div>\n\t\t\t\t\t<\/div>\n\t\t<\/div>\n\t\t\t\t\t\t\t<\/div>\n\t\t<\/section>\n\t\t\t\t\t<\/div>\n\t\t<\/div>\n\t\t\t\t\t\t\t<\/div>\n\t\t<\/section>\n\t\t\t\t<section class=\"elementor-section elementor-top-section elementor-element elementor-element-0bfb24f elementor-section-boxed elementor-section-height-default elementor-section-height-default\" data-id=\"0bfb24f\" data-element_type=\"section\">\n\t\t\t\t\t\t<div class=\"elementor-container elementor-column-gap-default\">\n\t\t\t\t\t<div class=\"elementor-column elementor-col-100 elementor-top-column elementor-element elementor-element-7629d71\" data-id=\"7629d71\" data-element_type=\"column\">\n\t\t\t<div class=\"elementor-widget-wrap elementor-element-populated\">\n\t\t\t\t\t\t\t\t<div class=\"elementor-element elementor-element-c729dc5 elementor-widget elementor-widget-heading\" data-id=\"c729dc5\" data-element_type=\"widget\" data-widget_type=\"heading.default\">\n\t\t\t\t<div class=\"elementor-widget-container\">\n\t\t\t<h2 class=\"elementor-heading-title elementor-size-default\">Nasze marki<\/h2>\t\t<\/div>\n\t\t\t\t<\/div>\n\t\t\t\t<section class=\"elementor-section elementor-inner-section elementor-element elementor-element-85b4206 elementor-section-boxed elementor-section-height-default elementor-section-height-default\" data-id=\"85b4206\" data-element_type=\"section\">\n\t\t\t\t\t\t<div class=\"elementor-container elementor-column-gap-default\">\n\t\t\t\t\t<div class=\"elementor-column elementor-col-50 elementor-inner-column elementor-element elementor-element-b9dde12\" data-id=\"b9dde12\" data-element_type=\"column\">\n\t\t\t<div class=\"elementor-widget-wrap elementor-element-populated\">\n\t\t\t\t\t\t\t\t<div class=\"elementor-element elementor-element-7cab640 elementor-widget elementor-widget-image\" data-id=\"7cab640\" data-element_type=\"widget\" data-widget_type=\"image.default\">\n\t\t\t\t<div class=\"elementor-widget-container\">\n\t\t\t\t\t\t\t\t\t\t\t\t\t\t\t\t<a href=\"https:\/\/kaduri.pl\/\" target=\"_blank\">\n\t\t\t\t\t\t\t<img loading=\"lazy\" decoding=\"async\" width=\"492\" height=\"152\" src=\"https:\/\/kasbut.com.pl\/wp-content\/uploads\/2021\/10\/lo-roberto-vitali-kasbut.jpg\" class=\"attachment-full size-full\" alt=\"\" srcset=\"https:\/\/kasbut.com.pl\/wp-content\/uploads\/2021\/10\/lo-roberto-vitali-kasbut.jpg 492w, https:\/\/kasbut.com.pl\/wp-content\/uploads\/2021\/10\/lo-roberto-vitali-kasbut-300x93.jpg 300w\" sizes=\"auto, (max-width: 492px) 100vw, 492px\" \/>\t\t\t\t\t\t\t\t<\/a>\n\t\t\t\t\t\t\t\t\t\t\t\t\t\t\t<\/div>\n\t\t\t\t<\/div>\n\t\t\t\t\t<\/div>\n\t\t<\/div>\n\t\t\t\t<div class=\"elementor-column elementor-col-50 elementor-inner-column elementor-element elementor-element-936e698\" data-id=\"936e698\" data-element_type=\"column\">\n\t\t\t<div class=\"elementor-widget-wrap elementor-element-populated\">\n\t\t\t\t\t\t\t\t<div class=\"elementor-element elementor-element-d12115c elementor-widget elementor-widget-image\" data-id=\"d12115c\" data-element_type=\"widget\" data-widget_type=\"image.default\">\n\t\t\t\t<div class=\"elementor-widget-container\">\n\t\t\t\t\t\t\t\t\t\t\t\t\t\t\t\t<a href=\"https:\/\/kaduri.pl\/\" target=\"_blank\">\n\t\t\t\t\t\t\t<img loading=\"lazy\" decoding=\"async\" width=\"600\" height=\"140\" src=\"https:\/\/kasbut.com.pl\/wp-content\/uploads\/2021\/10\/kaduro-logo-rgb.png\" class=\"attachment-full size-full\" alt=\"\" srcset=\"https:\/\/kasbut.com.pl\/wp-content\/uploads\/2021\/10\/kaduro-logo-rgb.png 600w, https:\/\/kasbut.com.pl\/wp-content\/uploads\/2021\/10\/kaduro-logo-rgb-300x70.png 300w\" sizes=\"auto, (max-width: 600px) 100vw, 600px\" \/>\t\t\t\t\t\t\t\t<\/a>\n\t\t\t\t\t\t\t\t\t\t\t\t\t\t\t<\/div>\n\t\t\t\t<\/div>\n\t\t\t\t\t<\/div>\n\t\t<\/div>\n\t\t\t\t\t\t\t<\/div>\n\t\t<\/section>\n\t\t\t\t\t<\/div>\n\t\t<\/div>\n\t\t\t\t\t\t\t<\/div>\n\t\t<\/section>\n\t\t\t\t<section class=\"elementor-section elementor-top-section elementor-element elementor-element-82655fc elementor-section-boxed elementor-section-height-default elementor-section-height-default\" data-id=\"82655fc\" data-element_type=\"section\">\n\t\t\t\t\t\t<div class=\"elementor-container elementor-column-gap-default\">\n\t\t\t\t\t<div class=\"elementor-column elementor-col-100 elementor-top-column elementor-element elementor-element-b46ce65\" data-id=\"b46ce65\" data-element_type=\"column\">\n\t\t\t<div class=\"elementor-widget-wrap elementor-element-populated\">\n\t\t\t\t\t\t\t\t<div class=\"elementor-element elementor-element-e41a5ae elementor-widget-divider--view-line elementor-widget elementor-widget-divider\" data-id=\"e41a5ae\" data-element_type=\"widget\" data-widget_type=\"divider.default\">\n\t\t\t\t<div class=\"elementor-widget-container\">\n\t\t\t\t\t<div class=\"elementor-divider\">\n\t\t\t<span class=\"elementor-divider-separator\">\n\t\t\t\t\t\t<\/span>\n\t\t<\/div>\n\t\t\t\t<\/div>\n\t\t\t\t<\/div>\n\t\t\t\t<div class=\"elementor-element elementor-element-3fab601 elementor-widget elementor-widget-image\" data-id=\"3fab601\" data-element_type=\"widget\" data-widget_type=\"image.default\">\n\t\t\t\t<div class=\"elementor-widget-container\">\n\t\t\t\t\t\t\t\t\t\t\t\t\t\t\t<img loading=\"lazy\" decoding=\"async\" width=\"1005\" height=\"150\" src=\"https:\/\/kasbut.com.pl\/wp-content\/uploads\/2021\/10\/info-tarcza-pft.jpg\" class=\"attachment-full size-full\" alt=\"\" srcset=\"https:\/\/kasbut.com.pl\/wp-content\/uploads\/2021\/10\/info-tarcza-pft.jpg 1005w, https:\/\/kasbut.com.pl\/wp-content\/uploads\/2021\/10\/info-tarcza-pft-300x45.jpg 300w, https:\/\/kasbut.com.pl\/wp-content\/uploads\/2021\/10\/info-tarcza-pft-768x115.jpg 768w\" sizes=\"auto, (max-width: 1005px) 100vw, 1005px\" \/>\t\t\t\t\t\t\t\t\t\t\t\t\t\t\t<\/div>\n\t\t\t\t<\/div>\n\t\t\t\t\t<\/div>\n\t\t<\/div>\n\t\t\t\t\t\t\t<\/div>\n\t\t<\/section>\n\t\t\t\t\t\t<\/div>\n\t\t\t\t\t<\/div>\n\t\t","protected":false},"excerpt":{"rendered":"<p>Firma &#8222;KASBUT&#8221; jest producentem obuwia damskiego i m\u0142odzie\u017cowego. Nasze niebywale oryginalne wzornictwo i najwy\u017cszej jako\u015bci materia\u0142y s\u0105 doceniane przez setki kontrahent\u00f3w. Wsp\u00f3\u0142pracujemy z wieloma sklepami w Polsce, jak i za granic\u0105. Ka\u017cdego dnia pozyskujemy nowych kontrahent\u00f3w. Ca\u0142y czas staramy si\u0119 by\u0107 o jeden krok przed konkurencj\u0105. Wyznacza\u0107 nowe trendy i standardy. Nie uda\u0142oby si\u0119 to [&hellip;]<\/p>\n","protected":false},"author":1,"featured_media":0,"parent":0,"menu_order":0,"comment_status":"closed","ping_status":"closed","template":"","meta":{"footnotes":""},"class_list":["post-11","page","type-page","status-publish","hentry"],"_links":{"self":[{"href":"https:\/\/kasbut.com.pl\/index.php?rest_route=\/wp\/v2\/pages\/11","targetHints":{"allow":["GET"]}}],"collection":[{"href":"https:\/\/kasbut.com.pl\/index.php?rest_route=\/wp\/v2\/pages"}],"about":[{"href":"https:\/\/kasbut.com.pl\/index.php?rest_route=\/wp\/v2\/types\/page"}],"author":[{"embeddable":true,"href":"https:\/\/kasbut.com.pl\/index.php?rest_route=\/wp\/v2\/users\/1"}],"replies":[{"embeddable":true,"href":"https:\/\/kasbut.com.pl\/index.php?rest_route=%2Fwp%2Fv2%2Fcomments&post=11"}],"version-history":[{"count":28,"href":"https:\/\/kasbut.com.pl\/index.php?rest_route=\/wp\/v2\/pages\/11\/revisions"}],"predecessor-version":[{"id":44,"href":"https:\/\/kasbut.com.pl\/index.php?rest_route=\/wp\/v2\/pages\/11\/revisions\/44"}],"wp:attachment":[{"href":"https:\/\/kasbut.com.pl\/index.php?rest_route=%2Fwp%2Fv2%2Fmedia&parent=11"}],"curies":[{"name":"wp","href":"https:\/\/api.w.org\/{rel}","templated":true}]}}